{"id":21,"date":"2014-12-21T08:26:19","date_gmt":"2014-12-21T08:26:19","guid":{"rendered":"https:\/\/avada.theme-fusion.com_demos\/fashion\/?page_id=21"},"modified":"2025-11-13T12:54:00","modified_gmt":"2025-11-13T12:54:00","slug":"contact","status":"publish","type":"page","link":"https:\/\/www.eniyisialpi.com\/?page_id=21","title":{"rendered":"CONTACT"},"content":{"rendered":"<div class=\"fusion-fullwidth fullwidth-box fusion-builder-row-1 fusion-flex-container hundred-percent-fullwidth non-hundred-percent-height-scrolling\" style=\"--awb-background-position:left top;--awb-border-sizes-top:0px;--awb-border-sizes-bottom:0px;--awb-border-sizes-left:0px;--awb-border-sizes-right:0px;--awb-border-radius-top-left:0px;--awb-border-radius-top-right:0px;--awb-border-radius-bottom-right:0px;--awb-border-radius-bottom-left:0px;--awb-padding-top:0px;--awb-padding-right:0px;--awb-padding-bottom:0px;--awb-padding-left:0px;--awb-flex-wrap:wrap;\" ><div class=\"fusion-builder-row fusion-row fusion-flex-align-items-stretch fusion-flex-content-wrap\" style=\"width:calc( 100% + 0px ) !important;max-width:calc( 100% + 0px ) !important;margin-left: calc(-0px \/ 2 );margin-right: calc(-0px \/ 2 );\"><div class=\"fusion-layout-column fusion_builder_column fusion-builder-column-0 fusion_builder_column_1_2 1_2 fusion-flex-column\" style=\"--awb-padding-top:9%;--awb-padding-right:12%;--awb-padding-bottom:9%;--awb-padding-left:12%;--awb-bg-color:hsla(var(--awb-color8-h),var(--awb-color8-s),calc(var(--awb-color8-l) + 3%),var(--awb-color8-a));--awb-bg-color-hover:hsla(var(--awb-color8-h),var(--awb-color8-s),calc(var(--awb-color8-l) + 3%),var(--awb-color8-a));--awb-bg-size:cover;--awb-width-large:50%;--awb-margin-top-large:0px;--awb-spacing-right-large:0px;--awb-margin-bottom-large:0px;--awb-spacing-left-large:0px;--awb-width-medium:100%;--awb-spacing-right-medium:0px;--awb-spacing-left-medium:0px;--awb-width-small:100%;--awb-spacing-right-small:0px;--awb-spacing-left-small:0px;\"><div class=\"fusion-column-wrapper fusion-flex-justify-content-center fusion-content-layout-column\"><div class=\"fusion-title title fusion-title-1 fusion-title-center fusion-title-text fusion-title-size-two\"><div class=\"title-sep-container title-sep-container-left\"><div class=\"title-sep sep- sep-solid\" style=\"border-color:hsla(var(--awb-color1-h),var(--awb-color1-s),var(--awb-color1-l),calc( var(--awb-color1-a) - 80% ));\"><\/div><\/div><span class=\"awb-title-spacer\"><\/span><h2 class=\"fusion-title-heading title-heading-center fusion-responsive-typography-calculated\" style=\"margin:0;--fontSize:40;line-height:1.1;\">Let&#8217;s Start Now!<\/h2><span class=\"awb-title-spacer\"><\/span><div class=\"title-sep-container title-sep-container-right\"><div class=\"title-sep sep- sep-solid\" style=\"border-color:hsla(var(--awb-color1-h),var(--awb-color1-s),var(--awb-color1-l),calc( var(--awb-color1-a) - 80% ));\"><\/div><\/div><\/div><div class=\"fusion-text fusion-text-1\" style=\"--awb-content-alignment:center;--awb-font-size:var(--awb-typography2-font-size);--awb-line-height:var(--awb-typography2-line-height);--awb-letter-spacing:var(--awb-typography2-letter-spacing);--awb-text-transform:var(--awb-typography2-text-transform);--awb-text-font-family:var(--awb-typography2-font-family);--awb-text-font-weight:var(--awb-typography2-font-weight);--awb-text-font-style:var(--awb-typography2-font-style);\"><p>We are ready for next project<\/p>\n<\/div><div class=\"fusion-text fusion-text-2\" style=\"--awb-content-alignment:center;\"><p><strong>Main Office:<\/strong> Alt\u0131nkale Mahallesi 4027 Sokak No : 29 D\u00f6\u015femealt\u0131 \/ Antalya<br \/><strong>Email:<\/strong><\/p>\n<p>mesut@alpitasarim.com<\/p>\n<p>aliyanaz@alpitasarim.com<\/p>\n<p>levent@alpitasarim.com<\/p>\n<\/div><\/div><\/div><div class=\"fusion-layout-column fusion_builder_column fusion-builder-column-1 fusion_builder_column_1_2 1_2 fusion-flex-column fusion-no-small-visibility fusion-no-medium-visibility\" style=\"--awb-padding-top:9%;--awb-padding-right:9%;--awb-padding-bottom:9%;--awb-padding-left:9%;--awb-padding-bottom-medium:60px;--awb-bg-size:cover;--awb-width-large:50%;--awb-margin-top-large:0px;--awb-spacing-right-large:0px;--awb-margin-bottom-large:0px;--awb-spacing-left-large:0px;--awb-width-medium:100%;--awb-spacing-right-medium:0px;--awb-spacing-left-medium:0px;--awb-width-small:100%;--awb-spacing-right-small:0px;--awb-spacing-left-small:0px;\"><div class=\"fusion-column-wrapper fusion-flex-justify-content-center fusion-content-layout-column\"><a class=\"fusion-modal-text-link\" href=\"#\"><iframe src=\"https:\/\/www.google.com\/maps\/embed?pb=!1m18!1m12!1m3!1d2678.7369155254314!2d30.621186878390663!3d37.01998193518367!2m3!1f0!2f0!3f0!3m2!1i1024!2i768!4f13.1!3m3!1m2!1s0x14c389ef98689e77%3A0x9b87a2de3158ea94!2zQUxQxLAgVEFTQVJJTSBNT0LEsExZQSBUxLBDLiBTQU4uIExURC4gxZ5UxLAu!5e0!3m2!1str!2str!4v1763036287885!5m2!1str!2str\" width=\"600\" height=\"450\" style=\"border:0;\" allowfullscreen=\"\" loading=\"lazy\" referrerpolicy=\"no-referrer-when-downgrade\"><\/iframe><\/a><\/div><\/div><div class=\"fusion-layout-column fusion_builder_column fusion-builder-column-2 fusion_builder_column_1_2 1_2 fusion-flex-column fusion-no-large-visibility\" style=\"--awb-padding-top:9%;--awb-padding-right:9%;--awb-padding-bottom:9%;--awb-padding-left:9%;--awb-padding-bottom-medium:60px;--awb-padding-top-small:29.0469px;--awb-padding-right-small:0px;--awb-padding-bottom-small:0px;--awb-padding-left-small:0px;--awb-bg-size:cover;--awb-width-large:50%;--awb-margin-top-large:0px;--awb-spacing-right-large:0px;--awb-margin-bottom-large:0px;--awb-spacing-left-large:0px;--awb-width-medium:100%;--awb-spacing-right-medium:0px;--awb-spacing-left-medium:0px;--awb-width-small:33.333333333333%;--awb-margin-top-small:10px;--awb-spacing-right-small:0px;--awb-spacing-left-small:0px;\"><div class=\"fusion-column-wrapper fusion-flex-justify-content-center fusion-content-layout-row\"><\/div><\/div><div class=\"fusion-layout-column fusion_builder_column fusion-builder-column-3 fusion_builder_column_1_2 1_2 fusion-flex-column fusion-no-large-visibility\" style=\"--awb-padding-top:9%;--awb-padding-right:9%;--awb-padding-bottom:9%;--awb-padding-left:9%;--awb-padding-bottom-medium:60px;--awb-padding-top-small:29.0469px;--awb-padding-right-small:0px;--awb-padding-bottom-small:0px;--awb-padding-left-small:0px;--awb-bg-size:cover;--awb-width-large:50%;--awb-margin-top-large:0px;--awb-spacing-right-large:0px;--awb-margin-bottom-large:0px;--awb-spacing-left-large:0px;--awb-width-medium:100%;--awb-spacing-right-medium:0px;--awb-spacing-left-medium:0px;--awb-width-small:33.333333333333%;--awb-margin-top-small:10px;--awb-spacing-right-small:0px;--awb-spacing-left-small:0px;\"><div class=\"fusion-column-wrapper fusion-flex-justify-content-center fusion-content-layout-row\"><\/div><\/div><div class=\"fusion-layout-column fusion_builder_column fusion-builder-column-4 fusion_builder_column_1_1 1_1 fusion-flex-column fusion-no-large-visibility\" style=\"--awb-bg-size:cover;--awb-width-large:100%;--awb-margin-top-large:0px;--awb-spacing-right-large:0px;--awb-margin-bottom-large:20px;--awb-spacing-left-large:0px;--awb-width-medium:100%;--awb-order-medium:0;--awb-spacing-right-medium:0px;--awb-spacing-left-medium:0px;--awb-width-small:100%;--awb-order-small:0;--awb-spacing-right-small:0px;--awb-spacing-left-small:0px;\"><div class=\"fusion-column-wrapper fusion-column-has-shadow fusion-flex-justify-content-center fusion-content-layout-row\"><a class=\"fusion-modal-text-link\" href=\"#\"><iframe src=\"https:\/\/www.google.com\/maps\/embed?pb=!1m18!1m12!1m3!1d2678.7369155254314!2d30.621186878390663!3d37.01998193518367!2m3!1f0!2f0!3f0!3m2!1i1024!2i768!4f13.1!3m3!1m2!1s0x14c389ef98689e77%3A0x9b87a2de3158ea94!2zQUxQxLAgVEFTQVJJTSBNT0LEsExZQSBUxLBDLiBTQU4uIExURC4gxZ5UxLAu!5e0!3m2!1str!2str!4v1763036287885!5m2!1str!2str\" width=\"600\" height=\"450\" style=\"border:0;\" allowfullscreen=\"\" loading=\"lazy\" referrerpolicy=\"no-referrer-when-downgrade\"><\/iframe><\/a><\/div><\/div><div class=\"fusion-layout-column fusion_builder_column fusion-builder-column-5 fusion_builder_column_1_2 1_2 fusion-flex-column fusion-no-large-visibility\" style=\"--awb-padding-top:9%;--awb-padding-right:9%;--awb-padding-bottom:9%;--awb-padding-left:9%;--awb-padding-bottom-medium:60px;--awb-padding-top-small:29.0469px;--awb-padding-right-small:0px;--awb-padding-bottom-small:0px;--awb-padding-left-small:0px;--awb-bg-size:cover;--awb-width-large:50%;--awb-margin-top-large:0px;--awb-spacing-right-large:0px;--awb-margin-bottom-large:0px;--awb-spacing-left-large:0px;--awb-width-medium:100%;--awb-spacing-right-medium:0px;--awb-spacing-left-medium:0px;--awb-width-small:33.333333333333%;--awb-margin-top-small:10px;--awb-spacing-right-small:0px;--awb-spacing-left-small:0px;\"><div class=\"fusion-column-wrapper fusion-flex-justify-content-center fusion-content-layout-block\"><\/div><\/div><\/div><\/div>\n","protected":false},"excerpt":{"rendered":"","protected":false},"author":1,"featured_media":0,"parent":0,"menu_order":0,"comment_status":"open","ping_status":"closed","template":"100-width.php","meta":{"footnotes":""},"class_list":["post-21","page","type-page","status-publish","hentry"],"yoast_head":"<!-- This site is optimized with the Yoast SEO plugin v26.8 - https:\/\/yoast.com\/product\/yoast-seo-wordpress\/ -->\n<title>CONTACT - Alpi Tasar\u0131m Mobilya<\/title>\n<meta name=\"robots\" content=\"index, follow, max-snippet:-1, max-image-preview:large, max-video-preview:-1\" \/>\n<link rel=\"canonical\" href=\"http:\/\/www.eniyisialpi.com\/?page_id=21\" \/>\n<meta property=\"og:locale\" content=\"tr_TR\" \/>\n<meta property=\"og:type\" content=\"article\" \/>\n<meta property=\"og:title\" content=\"CONTACT - Alpi Tasar\u0131m Mobilya\" \/>\n<meta property=\"og:url\" content=\"http:\/\/www.eniyisialpi.com\/?page_id=21\" \/>\n<meta property=\"og:site_name\" content=\"Alpi Tasar\u0131m Mobilya\" \/>\n<meta property=\"article:modified_time\" content=\"2025-11-13T12:54:00+00:00\" \/>\n<meta name=\"twitter:card\" content=\"summary_large_image\" \/>\n<meta name=\"twitter:label1\" content=\"Tahmini okuma s\u00fcresi\" \/>\n\t<meta name=\"twitter:data1\" content=\"5 dakika\" \/>\n<script type=\"application\/ld+json\" class=\"yoast-schema-graph\">{\"@context\":\"https:\/\/schema.org\",\"@graph\":[{\"@type\":\"WebPage\",\"@id\":\"http:\/\/www.eniyisialpi.com\/?page_id=21\",\"url\":\"http:\/\/www.eniyisialpi.com\/?page_id=21\",\"name\":\"CONTACT - Alpi Tasar\u0131m Mobilya\",\"isPartOf\":{\"@id\":\"http:\/\/www.eniyisialpi.com\/#website\"},\"datePublished\":\"2014-12-21T08:26:19+00:00\",\"dateModified\":\"2025-11-13T12:54:00+00:00\",\"breadcrumb\":{\"@id\":\"http:\/\/www.eniyisialpi.com\/?page_id=21#breadcrumb\"},\"inLanguage\":\"tr\",\"potentialAction\":[{\"@type\":\"ReadAction\",\"target\":[\"http:\/\/www.eniyisialpi.com\/?page_id=21\"]}]},{\"@type\":\"BreadcrumbList\",\"@id\":\"http:\/\/www.eniyisialpi.com\/?page_id=21#breadcrumb\",\"itemListElement\":[{\"@type\":\"ListItem\",\"position\":1,\"name\":\"Anasayfa\",\"item\":\"http:\/\/www.eniyisialpi.com\/\"},{\"@type\":\"ListItem\",\"position\":2,\"name\":\"CONTACT\"}]},{\"@type\":\"WebSite\",\"@id\":\"http:\/\/www.eniyisialpi.com\/#website\",\"url\":\"http:\/\/www.eniyisialpi.com\/\",\"name\":\"Alpi Tasar\u0131m Mobilya\",\"description\":\"\",\"potentialAction\":[{\"@type\":\"SearchAction\",\"target\":{\"@type\":\"EntryPoint\",\"urlTemplate\":\"http:\/\/www.eniyisialpi.com\/?s={search_term_string}\"},\"query-input\":{\"@type\":\"PropertyValueSpecification\",\"valueRequired\":true,\"valueName\":\"search_term_string\"}}],\"inLanguage\":\"tr\"}]}<\/script>\n<!-- \/ Yoast SEO plugin. -->","yoast_head_json":{"title":"CONTACT - Alpi Tasar\u0131m Mobilya","robots":{"index":"index","follow":"follow","max-snippet":"max-snippet:-1","max-image-preview":"max-image-preview:large","max-video-preview":"max-video-preview:-1"},"canonical":"http:\/\/www.eniyisialpi.com\/?page_id=21","og_locale":"tr_TR","og_type":"article","og_title":"CONTACT - Alpi Tasar\u0131m Mobilya","og_url":"http:\/\/www.eniyisialpi.com\/?page_id=21","og_site_name":"Alpi Tasar\u0131m Mobilya","article_modified_time":"2025-11-13T12:54:00+00:00","twitter_card":"summary_large_image","twitter_misc":{"Tahmini okuma s\u00fcresi":"5 dakika"},"schema":{"@context":"https:\/\/schema.org","@graph":[{"@type":"WebPage","@id":"http:\/\/www.eniyisialpi.com\/?page_id=21","url":"http:\/\/www.eniyisialpi.com\/?page_id=21","name":"CONTACT - Alpi Tasar\u0131m Mobilya","isPartOf":{"@id":"http:\/\/www.eniyisialpi.com\/#website"},"datePublished":"2014-12-21T08:26:19+00:00","dateModified":"2025-11-13T12:54:00+00:00","breadcrumb":{"@id":"http:\/\/www.eniyisialpi.com\/?page_id=21#breadcrumb"},"inLanguage":"tr","potentialAction":[{"@type":"ReadAction","target":["http:\/\/www.eniyisialpi.com\/?page_id=21"]}]},{"@type":"BreadcrumbList","@id":"http:\/\/www.eniyisialpi.com\/?page_id=21#breadcrumb","itemListElement":[{"@type":"ListItem","position":1,"name":"Anasayfa","item":"http:\/\/www.eniyisialpi.com\/"},{"@type":"ListItem","position":2,"name":"CONTACT"}]},{"@type":"WebSite","@id":"http:\/\/www.eniyisialpi.com\/#website","url":"http:\/\/www.eniyisialpi.com\/","name":"Alpi Tasar\u0131m Mobilya","description":"","potentialAction":[{"@type":"SearchAction","target":{"@type":"EntryPoint","urlTemplate":"http:\/\/www.eniyisialpi.com\/?s={search_term_string}"},"query-input":{"@type":"PropertyValueSpecification","valueRequired":true,"valueName":"search_term_string"}}],"inLanguage":"tr"}]}},"_links":{"self":[{"href":"https:\/\/www.eniyisialpi.com\/index.php?rest_route=\/wp\/v2\/pages\/21","targetHints":{"allow":["GET"]}}],"collection":[{"href":"https:\/\/www.eniyisialpi.com\/index.php?rest_route=\/wp\/v2\/pages"}],"about":[{"href":"https:\/\/www.eniyisialpi.com\/index.php?rest_route=\/wp\/v2\/types\/page"}],"author":[{"embeddable":true,"href":"https:\/\/www.eniyisialpi.com\/index.php?rest_route=\/wp\/v2\/users\/1"}],"replies":[{"embeddable":true,"href":"https:\/\/www.eniyisialpi.com\/index.php?rest_route=%2Fwp%2Fv2%2Fcomments&post=21"}],"version-history":[{"count":15,"href":"https:\/\/www.eniyisialpi.com\/index.php?rest_route=\/wp\/v2\/pages\/21\/revisions"}],"predecessor-version":[{"id":4175,"href":"https:\/\/www.eniyisialpi.com\/index.php?rest_route=\/wp\/v2\/pages\/21\/revisions\/4175"}],"wp:attachment":[{"href":"https:\/\/www.eniyisialpi.com\/index.php?rest_route=%2Fwp%2Fv2%2Fmedia&parent=21"}],"curies":[{"name":"wp","href":"https:\/\/api.w.org\/{rel}","templated":true}]}}