{"id":17,"date":"2014-12-21T08:24:41","date_gmt":"2014-12-21T08:24:41","guid":{"rendered":"https:\/\/avada.theme-fusion.com_demos\/fashion\/?page_id=17"},"modified":"2025-11-02T13:23:17","modified_gmt":"2025-11-02T13:23:17","slug":"referances","status":"publish","type":"page","link":"https:\/\/www.eniyisialpi.com\/?page_id=17","title":{"rendered":"REFERANCES"},"content":{"rendered":"<p><div class=\"fusion-fullwidth fullwidth-box fusion-builder-row-1 fusion-flex-container has-pattern-background has-mask-background nonhundred-percent-fullwidth non-hundred-percent-height-scrolling\" style=\"--awb-border-radius-top-left:0px;--awb-border-radius-top-right:0px;--awb-border-radius-bottom-right:0px;--awb-border-radius-bottom-left:0px;--awb-padding-top-small:24px;--awb-flex-wrap:wrap;\" ><div class=\"fusion-builder-row fusion-row fusion-flex-align-items-flex-start fusion-flex-content-wrap\" style=\"max-width:1216.8px;margin-left: calc(-4% \/ 2 );margin-right: calc(-4% \/ 2 );\"><div class=\"fusion-layout-column fusion_builder_column fusion-builder-column-0 fusion_builder_column_1_1 1_1 fusion-flex-column fusion-no-small-visibility fusion-no-medium-visibility\" style=\"--awb-padding-bottom:812px;--awb-bg-size:cover;--awb-width-large:100%;--awb-margin-top-large:26px;--awb-spacing-right-large:1.92%;--awb-margin-bottom-large:14px;--awb-spacing-left-large:0%;--awb-width-medium:100%;--awb-order-medium:0;--awb-spacing-right-medium:1.92%;--awb-spacing-left-medium:1.92%;--awb-width-small:100%;--awb-order-small:0;--awb-spacing-right-small:1.92%;--awb-spacing-left-small:1.92%;\"><div class=\"awb-column__background-slider\" ><div class=\"awb-background-slider\" data-type=\"column\" data-loop=\"yes\" data-animation=\"fade\" data-slideshow-speed=\"5000\" data-animation-speed=\"800\" data-direction=\"up\" style=\"--awb-image-position:50% 50%;\"><div class=\"swiper-wrapper\"><div class=\"swiper-slide\"><img decoding=\"async\" width=\"2560\" height=\"1810\" src=\"https:\/\/www.eniyisialpi.com\/wp-content\/uploads\/2025\/11\/Referanslar_Katalog-scaled.jpg\" class=\"awb-background-slider__image lazyload\" alt=\"\" srcset=\"data:image\/svg+xml,%3Csvg%20xmlns%3D%27http%3A%2F%2Fwww.w3.org%2F2000%2Fsvg%27%20width%3D%272560%27%20height%3D%271810%27%20viewBox%3D%270%200%202560%201810%27%3E%3Crect%20width%3D%272560%27%20height%3D%271810%27%20fill-opacity%3D%220%22%2F%3E%3C%2Fsvg%3E\" data-orig-src=\"https:\/\/www.eniyisialpi.com\/wp-content\/uploads\/2025\/11\/Referanslar_Katalog-scaled.jpg\" data-srcset=\"https:\/\/www.eniyisialpi.com\/wp-content\/uploads\/2025\/11\/Referanslar_Katalog-200x141.jpg 200w, https:\/\/www.eniyisialpi.com\/wp-content\/uploads\/2025\/11\/Referanslar_Katalog-300x212.jpg 300w, https:\/\/www.eniyisialpi.com\/wp-content\/uploads\/2025\/11\/Referanslar_Katalog-400x283.jpg 400w, https:\/\/www.eniyisialpi.com\/wp-content\/uploads\/2025\/11\/Referanslar_Katalog-600x424.jpg 600w, https:\/\/www.eniyisialpi.com\/wp-content\/uploads\/2025\/11\/Referanslar_Katalog-768x543.jpg 768w, https:\/\/www.eniyisialpi.com\/wp-content\/uploads\/2025\/11\/Referanslar_Katalog-800x566.jpg 800w, https:\/\/www.eniyisialpi.com\/wp-content\/uploads\/2025\/11\/Referanslar_Katalog-1024x724.jpg 1024w, https:\/\/www.eniyisialpi.com\/wp-content\/uploads\/2025\/11\/Referanslar_Katalog-1200x849.jpg 1200w, https:\/\/www.eniyisialpi.com\/wp-content\/uploads\/2025\/11\/Referanslar_Katalog-1536x1086.jpg 1536w, https:\/\/www.eniyisialpi.com\/wp-content\/uploads\/2025\/11\/Referanslar_Katalog-scaled.jpg 2560w\" data-sizes=\"auto\" \/><\/div><\/div><\/div><\/div><div class=\"fusion-column-wrapper fusion-column-has-shadow fusion-flex-justify-content-flex-start fusion-content-layout-column\"><div class=\"awb-column__content\"><\/div><\/div><\/div><div class=\"fusion-layout-column fusion_builder_column fusion-builder-column-1 fusion_builder_column_1_1 1_1 fusion-flex-column fusion-no-large-visibility\" style=\"--awb-padding-bottom:702px;--awb-padding-top-small:0px;--awb-padding-right-small:0px;--awb-padding-bottom-small:271px;--awb-padding-left-small:0px;--awb-bg-size:cover;--awb-width-large:100%;--awb-margin-top-large:26px;--awb-spacing-right-large:1.92%;--awb-margin-bottom-large:20px;--awb-spacing-left-large:0%;--awb-width-medium:100%;--awb-order-medium:0;--awb-spacing-right-medium:1.92%;--awb-spacing-left-medium:1.92%;--awb-width-small:100%;--awb-order-small:0;--awb-margin-top-small:0px;--awb-spacing-right-small:0%;--awb-margin-bottom-small:0px;--awb-spacing-left-small:0%;\"><div class=\"awb-column__background-slider\" ><div class=\"awb-background-slider\" data-type=\"column\" data-loop=\"yes\" data-animation=\"fade\" data-slideshow-speed=\"5000\" data-animation-speed=\"800\" data-direction=\"up\" style=\"--awb-image-position:50% 50%;\"><div class=\"swiper-wrapper\"><div class=\"swiper-slide\"><img decoding=\"async\" width=\"2560\" height=\"1810\" src=\"https:\/\/www.eniyisialpi.com\/wp-content\/uploads\/2025\/11\/Referanslar_Katalog-scaled.jpg\" class=\"awb-background-slider__image lazyload\" alt=\"\" srcset=\"data:image\/svg+xml,%3Csvg%20xmlns%3D%27http%3A%2F%2Fwww.w3.org%2F2000%2Fsvg%27%20width%3D%272560%27%20height%3D%271810%27%20viewBox%3D%270%200%202560%201810%27%3E%3Crect%20width%3D%272560%27%20height%3D%271810%27%20fill-opacity%3D%220%22%2F%3E%3C%2Fsvg%3E\" data-orig-src=\"https:\/\/www.eniyisialpi.com\/wp-content\/uploads\/2025\/11\/Referanslar_Katalog-scaled.jpg\" data-srcset=\"https:\/\/www.eniyisialpi.com\/wp-content\/uploads\/2025\/11\/Referanslar_Katalog-200x141.jpg 200w, https:\/\/www.eniyisialpi.com\/wp-content\/uploads\/2025\/11\/Referanslar_Katalog-300x212.jpg 300w, https:\/\/www.eniyisialpi.com\/wp-content\/uploads\/2025\/11\/Referanslar_Katalog-400x283.jpg 400w, https:\/\/www.eniyisialpi.com\/wp-content\/uploads\/2025\/11\/Referanslar_Katalog-600x424.jpg 600w, https:\/\/www.eniyisialpi.com\/wp-content\/uploads\/2025\/11\/Referanslar_Katalog-768x543.jpg 768w, https:\/\/www.eniyisialpi.com\/wp-content\/uploads\/2025\/11\/Referanslar_Katalog-800x566.jpg 800w, https:\/\/www.eniyisialpi.com\/wp-content\/uploads\/2025\/11\/Referanslar_Katalog-1024x724.jpg 1024w, https:\/\/www.eniyisialpi.com\/wp-content\/uploads\/2025\/11\/Referanslar_Katalog-1200x849.jpg 1200w, https:\/\/www.eniyisialpi.com\/wp-content\/uploads\/2025\/11\/Referanslar_Katalog-1536x1086.jpg 1536w, https:\/\/www.eniyisialpi.com\/wp-content\/uploads\/2025\/11\/Referanslar_Katalog-scaled.jpg 2560w\" data-sizes=\"auto\" \/><\/div><\/div><\/div><\/div><div class=\"fusion-column-wrapper fusion-column-has-shadow fusion-flex-justify-content-flex-start fusion-content-layout-column\"><div class=\"awb-column__content\"><\/div><\/div><\/div><\/div><\/div><div class=\"fusion-fullwidth fullwidth-box fusion-builder-row-2 fusion-flex-container has-pattern-background has-mask-background nonhundred-percent-fullwidth non-hundred-percent-height-scrolling\" style=\"--awb-border-radius-top-left:0px;--awb-border-radius-top-right:0px;--awb-border-radius-bottom-right:0px;--awb-border-radius-bottom-left:0px;--awb-padding-top-small:24px;--awb-padding-right-small:16px;--awb-padding-left-small:16px;--awb-flex-wrap:wrap;\" ><div class=\"fusion-builder-row fusion-row fusion-flex-align-items-flex-start fusion-flex-content-wrap\" style=\"max-width:1216.8px;margin-left: calc(-4% \/ 2 );margin-right: calc(-4% \/ 2 );\"><div class=\"fusion-layout-column fusion_builder_column fusion-builder-column-2 fusion_builder_column_1_1 1_1 fusion-flex-column fusion-no-small-visibility fusion-no-medium-visibility\" style=\"--awb-bg-color:#000000;--awb-bg-color-hover:#000000;--awb-bg-size:cover;--awb-width-large:100%;--awb-margin-top-large:0px;--awb-spacing-right-large:1.92%;--awb-margin-bottom-large:20px;--awb-spacing-left-large:0%;--awb-width-medium:100%;--awb-order-medium:0;--awb-spacing-right-medium:1.92%;--awb-spacing-left-medium:1.92%;--awb-width-small:100%;--awb-order-small:0;--awb-spacing-right-small:1.92%;--awb-spacing-left-small:1.92%;\"><div class=\"fusion-column-wrapper fusion-column-has-shadow fusion-flex-justify-content-flex-start fusion-content-layout-column\">\n<div class=\"table-2 fusion-no-small-visibility fusion-no-medium-visibility\">\n<table style=\"height: auto; width: 100%;\">\n<thead>\n<tr>\n<th align=\"left\">Works<\/th>\n<th align=\"left\">Location<\/th>\n<\/tr>\n<\/thead>\n<tbody>\n<tr>\n<td>MILITARY POLICE EXECUTIVE ROOMS<\/td>\n<td>QATAR<\/td>\n<\/tr>\n<tr>\n<td>ROOM ROOF CLARENDON HOUSE<\/td>\n<td>LONDON UK<\/td>\n<\/tr>\n<tr>\n<td>AIR POWER NATIONAL FILTER OF\u0130S<\/td>\n<td>DUBA\u0130<\/td>\n<\/tr>\n<tr>\n<td>R\u0130XOS PREM\u0130UM BELEK SWOT Z\u2019ASYA ASYA ALAKART<\/td>\n<td>BELEK<\/td>\n<\/tr>\n<tr>\n<td>R\u0130XOS PREM\u0130UM BELEK SWOT P\u0130AZZETTA \u0130TALYAN ALAKART<\/td>\n<td>BELEK<\/td>\n<\/tr>\n<tr>\n<td>ETS VOYAGE TORBA HOTEL SIRA EVLER ODALAR<\/td>\n<td>BODRUM<\/td>\n<\/tr>\n<tr>\n<td>VOGUE SUPRAME HOTEL ODALAR VE V\u0130LLA BLOKLARI<\/td>\n<td>BODRUM<\/td>\n<\/tr>\n<tr>\n<td>VOGUE SUPRAME HOTEL ANARESTAURANT<\/td>\n<td>BODRUM<\/td>\n<\/tr>\n<tr>\n<td>CUMHURBA\u015eKANLI\u011eI K\u00d6\u015eK\u00dc VE KONUK EVLER\u0130<\/td>\n<td>AHLAT<\/td>\n<\/tr>\n<tr>\n<td>LUJO MAK\u0130 V\u0130LLALARI<\/td>\n<td>BODRUM<\/td>\n<\/tr>\n<tr>\n<td>CAJAA SAH\u0130L DECK KAPLAMA<\/td>\n<td>BODRUM<\/td>\n<\/tr>\n<tr>\n<td>TOLGA C\u00d6MERTO\u011eLU AT \u00c7\u0130FTL\u0130\u011e\u0130 TM HOUSE<\/td>\n<td>KUNDU<\/td>\n<\/tr>\n<tr>\n<td>DELPH\u0130NE BE GRAND PASTANE<\/td>\n<td>KUNDU<\/td>\n<\/tr>\n<tr>\n<td>DELPH\u0130NE \u0130MPER\u0130AL ALT LOBBY<\/td>\n<td>KUNDU<\/td>\n<\/tr>\n<tr>\n<td>REGNUM CARYA F\u0130TNESS BEEHIVE<\/td>\n<td>BELEK<\/td>\n<\/tr>\n<tr>\n<td>REGNUM CARYA G\u00d6L EVLER\u0130 KAR\u015eILAMA G\u0130R\u0130\u015e<\/td>\n<td>BELEK<\/td>\n<\/tr>\n<tr>\n<td>REGNUM CARYA ODALARIN RENAVASYONU<\/td>\n<td>BELEK<\/td>\n<\/tr>\n<tr>\n<td>REGNUM CARYA AL\u0130 \u015eAFAK \u00d6ZT\u00dcRK V\u0130LLA<\/td>\n<td>BELEK<\/td>\n<\/tr>\n<tr>\n<td>REGNUM CROWN N\u0130KOS YUNAN ALAKART<\/td>\n<td>BELEK<\/td>\n<\/tr>\n<tr>\n<td>REGNUM CROWN K\u0130OSKLAR<\/td>\n<td>BELEK<\/td>\n<\/tr>\n<tr>\n<td>REGNUM NATIONAL GOLF LOJMAN<\/td>\n<td>BELEK<\/td>\n<\/tr>\n<tr>\n<td>REGNUM CROWN KORT B\u0130NASI<\/td>\n<td>BELEK<\/td>\n<\/tr>\n<tr>\n<td>ETS MAXX ROYAL LOJMAN<\/td>\n<td>BODRUM<\/td>\n<\/tr>\n<tr>\n<td>MAXX ROYAL OWNER V\u0130LLA<\/td>\n<td>BELEK<\/td>\n<\/tr>\n<tr>\n<td>ASTEK OF\u0130S VE S.D V\u0130LLA<\/td>\n<td>ANTALYA<\/td>\n<\/tr>\n<tr>\n<td>LAND OF LEGENDS CANDY CANDY<\/td>\n<td>BELEK<\/td>\n<\/tr>\n<tr>\n<td>LAND OF LEGENDS SWOT AVA<\/td>\n<td>BELEK<\/td>\n<\/tr>\n<tr>\n<td>LAND OF LEGENDS SWOT MYKORON\u0130<\/td>\n<td>BELEK<\/td>\n<\/tr>\n<tr>\n<td>ORANGE PALACE PROJE UYGULAMA LOBBY<\/td>\n<td>ESK\u0130\u015eEH\u0130R<\/td>\n<\/tr>\n<tr>\n<td>ORANGE PALACE PROJE VE UYGULAMA ANA RESTAURANT<\/td>\n<td>ESK\u0130\u015eEH\u0130R<\/td>\n<\/tr>\n<tr>\n<td>M.A.\u00c7 YAZLIK V\u0130LLA<\/td>\n<td>SAPANCA<\/td>\n<\/tr>\n<tr>\n<td>LIU HOTEL \u0130TALYAN ALAKART<\/td>\n<td>MANAVGAT<\/td>\n<\/tr>\n<tr>\n<td>JACARANDA LUXURY ODALAR<\/td>\n<td>MANAVGAT<\/td>\n<\/tr>\n<tr>\n<td>JACARANDA LUXURY LOB\u0130<\/td>\n<td>MANAVGAT<\/td>\n<\/tr>\n<tr>\n<td>JACARANDA LUXURY ANARESTAURANT<\/td>\n<td>MANAVGAT<\/td>\n<\/tr>\n<tr>\n<td>JACARANDA LUXURY \u0130TALYAN ALAKART<\/td>\n<td>MANAVGAT<\/td>\n<\/tr>\n<tr>\n<td>JACARANDA LUXURY SPA<\/td>\n<td>MANAVGAT<\/td>\n<\/tr>\n<tr>\n<td>JACARANDA LUXURY M\u0130N\u0130 KL\u00dcP<\/td>\n<td>MANAVGAT<\/td>\n<\/tr>\n<tr>\n<td>JACARANDA LUXURY F\u0130TNESS<\/td>\n<td>MANAVGAT<\/td>\n<\/tr>\n<tr>\n<td>JACARANDA LUXURY ALT LOB\u0130<\/td>\n<td>MANAVGAT<\/td>\n<\/tr>\n<tr>\n<td>JACARANDA LUXURY TOPLANTI SALONLARI<\/td>\n<td>MANAVGAT<\/td>\n<\/tr>\n<tr>\n<td>JACARANDA LUXURY KERSY B\u0130K\u0130N\u0130 MA\u011eAZASI<\/td>\n<td>MANAVGAT<\/td>\n<\/tr>\n<tr>\n<td>XO CAPE ARNNA LOBBY<\/td>\n<td>FETH\u0130YE<\/td>\n<\/tr>\n<tr>\n<td>XO CAPE ARNNA HOTEL ROSE ROOM<\/td>\n<td>FETH\u0130YE<\/td>\n<\/tr>\n<tr>\n<td>XO CAPE ARNNA LOBBY BAR<\/td>\n<td>FETH\u0130YE<\/td>\n<\/tr>\n<tr>\n<td>XO CAPE ARNNA POOL BAR<\/td>\n<td>FETH\u0130YE<\/td>\n<\/tr>\n<tr>\n<td>XO CAPE ARNNA \u0130TALYAN ALAKART<\/td>\n<td>FETH\u0130YE<\/td>\n<\/tr>\n<tr>\n<td>XO CAPE ARNNA M\u0130N\u0130 CLUB<\/td>\n<td>FETH\u0130YE<\/td>\n<\/tr>\n<tr>\n<td>XO CAPE ARNNA ANARES TERAS<\/td>\n<td>FETH\u0130YE<\/td>\n<\/tr>\n<\/tbody>\n<\/table>\n<\/div>\n<\/div><\/div><div class=\"fusion-layout-column fusion_builder_column fusion-builder-column-3 fusion_builder_column_1_1 1_1 fusion-flex-column fusion-no-large-visibility\" style=\"--awb-padding-right-small:14px;--awb-padding-left-small:16px;--awb-bg-color:#000000;--awb-bg-color-hover:#000000;--awb-bg-size:cover;--awb-width-large:100%;--awb-margin-top-large:0px;--awb-spacing-right-large:1.92%;--awb-margin-bottom-large:20px;--awb-spacing-left-large:0%;--awb-width-medium:100%;--awb-order-medium:0;--awb-spacing-right-medium:1.92%;--awb-spacing-left-medium:1.92%;--awb-width-small:100%;--awb-order-small:0;--awb-spacing-right-small:0%;--awb-spacing-left-small:0%;\"><div class=\"fusion-column-wrapper fusion-column-has-shadow fusion-flex-justify-content-flex-start fusion-content-layout-column\">\n<div class=\"table-2 fusion-no-large-visibility\">\n<table style=\"height: 3871px; width: 478px;\">\n<thead>\n<tr>\n<th align=\"left\">\n<h6>Works<\/h6>\n<\/th>\n<th align=\"left\">\n<h6>Location<\/h6>\n<\/th>\n<\/tr>\n<\/thead>\n<tbody>\n<tr>\n<td>\n<h6>MILITARY POLICE EXECUTIVE ROOMS<\/h6>\n<\/td>\n<td>\n<h6>QATAR<\/h6>\n<\/td>\n<\/tr>\n<tr>\n<td>\n<h6>ROOM ROOF CLARENDON HOUSE<\/h6>\n<\/td>\n<td>\n<h6>LONDON UK<\/h6>\n<\/td>\n<\/tr>\n<tr>\n<td>\n<h6>AIR POWER NATIONAL FILTER OF\u0130S<\/h6>\n<\/td>\n<td>\n<h6>DUBA\u0130<\/h6>\n<\/td>\n<\/tr>\n<tr>\n<td>\n<h6>R\u0130XOS PREM\u0130UM BELEK SWOT Z\u2019ASYA ASYA ALAKART<\/h6>\n<\/td>\n<td>\n<h6>BELEK<\/h6>\n<\/td>\n<\/tr>\n<tr>\n<td>\n<h6>R\u0130XOS PREM\u0130UM BELEK SWOT P\u0130AZZETTA \u0130TALYAN ALAKART<\/h6>\n<\/td>\n<td>\n<h6>BELEK<\/h6>\n<\/td>\n<\/tr>\n<tr>\n<td>\n<h6>ETS VOYAGE TORBA HOTEL SIRA EVLER ODALAR<\/h6>\n<\/td>\n<td>\n<h6>BODRUM<\/h6>\n<\/td>\n<\/tr>\n<tr>\n<td>\n<h6>VOGUE SUPRAME HOTEL ODALAR VE V\u0130LLA BLOKLARI<\/h6>\n<\/td>\n<td>\n<h6>BODRUM<\/h6>\n<\/td>\n<\/tr>\n<tr>\n<td>\n<h6>VOGUE SUPRAME HOTEL ANARESTAURANT<\/h6>\n<\/td>\n<td>\n<h6>BODRUM<\/h6>\n<\/td>\n<\/tr>\n<tr>\n<td>\n<h6>CUMHURBA\u015eKANLI\u011eI K\u00d6\u015eK\u00dc VE KONUK EVLER\u0130<\/h6>\n<\/td>\n<td>\n<h6>AHLAT<\/h6>\n<\/td>\n<\/tr>\n<tr>\n<td>\n<h6>LUJO MAK\u0130 V\u0130LLALARI<\/h6>\n<\/td>\n<td>\n<h6>BODRUM<\/h6>\n<\/td>\n<\/tr>\n<tr>\n<td>\n<h6>CAJAA SAH\u0130L DECK KAPLAMA<\/h6>\n<\/td>\n<td>\n<h6>BODRUM<\/h6>\n<\/td>\n<\/tr>\n<tr>\n<td>\n<h6>TOLGA C\u00d6MERTO\u011eLU AT \u00c7\u0130FTL\u0130\u011e\u0130 TM HOUSE<\/h6>\n<\/td>\n<td>\n<h6>KUNDU<\/h6>\n<\/td>\n<\/tr>\n<tr>\n<td>\n<h6>DELPH\u0130NE BE GRAND PASTANE<\/h6>\n<\/td>\n<td>\n<h6>KUNDU<\/h6>\n<\/td>\n<\/tr>\n<tr>\n<td>\n<h6>DELPH\u0130NE \u0130MPER\u0130AL ALT LOBBY<\/h6>\n<\/td>\n<td>\n<h6>KUNDU<\/h6>\n<\/td>\n<\/tr>\n<tr>\n<td>\n<h6>REGNUM CARYA F\u0130TNESS BEEHIVE<\/h6>\n<\/td>\n<td>\n<h6>BELEK<\/h6>\n<\/td>\n<\/tr>\n<tr>\n<td>\n<h6>REGNUM CARYA G\u00d6L EVLER\u0130 KAR\u015eILAMA G\u0130R\u0130\u015e<\/h6>\n<\/td>\n<td>\n<h6>BELEK<\/h6>\n<\/td>\n<\/tr>\n<tr>\n<td>\n<h6>REGNUM CARYA ODALARIN RENAVASYONU<\/h6>\n<\/td>\n<td>\n<h6>BELEK<\/h6>\n<\/td>\n<\/tr>\n<tr>\n<td>\n<h6>REGNUM CARYA AL\u0130 \u015eAFAK \u00d6ZT\u00dcRK V\u0130LLA<\/h6>\n<\/td>\n<td>\n<h6>BELEK<\/h6>\n<\/td>\n<\/tr>\n<tr>\n<td>\n<h6>REGNUM CROWN N\u0130KOS YUNAN ALAKART<\/h6>\n<\/td>\n<td>\n<h6>BELEK<\/h6>\n<\/td>\n<\/tr>\n<tr>\n<td>\n<h6>REGNUM CROWN K\u0130OSKLAR<\/h6>\n<\/td>\n<td>\n<h6>BELEK<\/h6>\n<\/td>\n<\/tr>\n<tr>\n<td>\n<h6>REGNUM NATIONAL GOLF LOJMAN<\/h6>\n<\/td>\n<td>\n<h6>BELEK<\/h6>\n<\/td>\n<\/tr>\n<tr>\n<td>\n<h6>REGNUM CROWN KORT B\u0130NASI<\/h6>\n<\/td>\n<td>\n<h6>BELEK<\/h6>\n<\/td>\n<\/tr>\n<tr>\n<td>\n<h6>ETS MAXX ROYAL LOJMAN<\/h6>\n<\/td>\n<td>\n<h6>BODRUM<\/h6>\n<\/td>\n<\/tr>\n<tr>\n<td>\n<h6>MAXX ROYAL OWNER V\u0130LLA<\/h6>\n<\/td>\n<td>\n<h6>BELEK<\/h6>\n<\/td>\n<\/tr>\n<tr>\n<td>\n<h6>ASTEK OF\u0130S VE S.D V\u0130LLA<\/h6>\n<\/td>\n<td>\n<h6>ANTALYA<\/h6>\n<\/td>\n<\/tr>\n<tr>\n<td>\n<h6>LAND OF LEGENDS CANDY CANDY<\/h6>\n<\/td>\n<td>\n<h6>BELEK<\/h6>\n<\/td>\n<\/tr>\n<tr>\n<td>\n<h6>LAND OF LEGENDS SWOT AVA<\/h6>\n<\/td>\n<td>\n<h6>BELEK<\/h6>\n<\/td>\n<\/tr>\n<tr>\n<td>\n<h6>LAND OF LEGENDS SWOT MYKORON\u0130<\/h6>\n<\/td>\n<td>\n<h6>BELEK<\/h6>\n<\/td>\n<\/tr>\n<tr>\n<td>\n<h6>ORANGE PALACE PROJE UYGULAMA LOBBY<\/h6>\n<\/td>\n<td>\n<h6>ESK\u0130\u015eEH\u0130R<\/h6>\n<\/td>\n<\/tr>\n<tr>\n<td>\n<h6>ORANGE PALACE PROJE VE UYGULAMA ANA RESTAURANT<\/h6>\n<\/td>\n<td>\n<h6>ESK\u0130\u015eEH\u0130R<\/h6>\n<\/td>\n<\/tr>\n<tr>\n<td>\n<h6>M.A.\u00c7 YAZLIK V\u0130LLA<\/h6>\n<\/td>\n<td>\n<h6>SAPANCA<\/h6>\n<\/td>\n<\/tr>\n<tr>\n<td>\n<h6>LIU HOTEL \u0130TALYAN ALAKART<\/h6>\n<\/td>\n<td>\n<h6>MANAVGAT<\/h6>\n<\/td>\n<\/tr>\n<tr>\n<td>\n<h6>JACARANDA LUXURY ODALAR<\/h6>\n<\/td>\n<td>\n<h6>MANAVGAT<\/h6>\n<\/td>\n<\/tr>\n<tr>\n<td>\n<h6>JACARANDA LUXURY LOB\u0130<\/h6>\n<\/td>\n<td>\n<h6>MANAVGAT<\/h6>\n<\/td>\n<\/tr>\n<tr>\n<td>\n<h6>JACARANDA LUXURY ANARESTAURANT<\/h6>\n<\/td>\n<td>\n<h6>MANAVGAT<\/h6>\n<\/td>\n<\/tr>\n<tr>\n<td>\n<h6>JACARANDA LUXURY \u0130TALYAN ALAKART<\/h6>\n<\/td>\n<td>\n<h6>MANAVGAT<\/h6>\n<\/td>\n<\/tr>\n<tr>\n<td>\n<h6>JACARANDA LUXURY SPA<\/h6>\n<\/td>\n<td>\n<h6>MANAVGAT<\/h6>\n<\/td>\n<\/tr>\n<tr>\n<td>\n<h6>JACARANDA LUXURY M\u0130N\u0130 KL\u00dcP<\/h6>\n<\/td>\n<td>\n<h6>MANAVGAT<\/h6>\n<\/td>\n<\/tr>\n<tr>\n<td>\n<h6>JACARANDA LUXURY F\u0130TNESS<\/h6>\n<\/td>\n<td>\n<h6>MANAVGAT<\/h6>\n<\/td>\n<\/tr>\n<tr>\n<td>\n<h6>JACARANDA LUXURY ALT LOB\u0130<\/h6>\n<\/td>\n<td>\n<h6>MANAVGAT<\/h6>\n<\/td>\n<\/tr>\n<tr>\n<td>\n<h6>JACARANDA LUXURY TOPLANTI SALONLARI<\/h6>\n<\/td>\n<td>\n<h6>MANAVGAT<\/h6>\n<\/td>\n<\/tr>\n<tr>\n<td>\n<h6>JACARANDA LUXURY KERSY B\u0130K\u0130N\u0130 MA\u011eAZASI<\/h6>\n<\/td>\n<td>\n<h6>MANAVGAT<\/h6>\n<\/td>\n<\/tr>\n<tr>\n<td>\n<h6>XO CAPE ARNNA LOBBY<\/h6>\n<\/td>\n<td>\n<h6>FETH\u0130YE<\/h6>\n<\/td>\n<\/tr>\n<tr>\n<td>\n<h6>XO CAPE ARNNA HOTEL ROSE ROOM<\/h6>\n<\/td>\n<td>\n<h6>FETH\u0130YE<\/h6>\n<\/td>\n<\/tr>\n<tr>\n<td>\n<h6>XO CAPE ARNNA LOBBY BAR<\/h6>\n<\/td>\n<td>\n<h6>FETH\u0130YE<\/h6>\n<\/td>\n<\/tr>\n<tr>\n<td>\n<h6>XO CAPE ARNNA POOL BAR<\/h6>\n<\/td>\n<td>\n<h6>FETH\u0130YE<\/h6>\n<\/td>\n<\/tr>\n<tr>\n<td>\n<h6>XO CAPE ARNNA \u0130TALYAN ALAKART<\/h6>\n<\/td>\n<td>\n<h6>FETH\u0130YE<\/h6>\n<\/td>\n<\/tr>\n<tr>\n<td>\n<h6>XO CAPE ARNNA M\u0130N\u0130 CLUB<\/h6>\n<\/td>\n<td>\n<h6>FETH\u0130YE<\/h6>\n<\/td>\n<\/tr>\n<tr>\n<td>\n<h6>XO CAPE ARNNA ANARES TERAS<\/h6>\n<\/td>\n<td>\n<h6>FETH\u0130YE<\/h6>\n<\/td>\n<\/tr>\n<\/tbody>\n<\/table>\n<\/div>\n<\/div><\/div><\/div><\/div><\/p>\n","protected":false},"excerpt":{"rendered":"","protected":false},"author":1,"featured_media":0,"parent":0,"menu_order":0,"comment_status":"open","ping_status":"closed","template":"100-width.php","meta":{"footnotes":""},"class_list":["post-17","page","type-page","status-publish","hentry"],"yoast_head":"<!-- This site is optimized with the Yoast SEO plugin v26.8 - https:\/\/yoast.com\/product\/yoast-seo-wordpress\/ -->\n<title>REFERANCES - Alpi Tasar\u0131m Mobilya<\/title>\n<meta name=\"robots\" content=\"index, follow, max-snippet:-1, max-image-preview:large, max-video-preview:-1\" \/>\n<link rel=\"canonical\" href=\"http:\/\/www.eniyisialpi.com\/?page_id=17\" \/>\n<meta property=\"og:locale\" content=\"tr_TR\" \/>\n<meta property=\"og:type\" content=\"article\" \/>\n<meta property=\"og:title\" content=\"REFERANCES - Alpi Tasar\u0131m Mobilya\" \/>\n<meta property=\"og:url\" content=\"http:\/\/www.eniyisialpi.com\/?page_id=17\" \/>\n<meta property=\"og:site_name\" content=\"Alpi Tasar\u0131m Mobilya\" \/>\n<meta property=\"article:modified_time\" content=\"2025-11-02T13:23:17+00:00\" \/>\n<meta name=\"twitter:card\" content=\"summary_large_image\" \/>\n<meta name=\"twitter:label1\" content=\"Tahmini okuma s\u00fcresi\" \/>\n\t<meta name=\"twitter:data1\" content=\"12 dakika\" \/>\n<script type=\"application\/ld+json\" class=\"yoast-schema-graph\">{\"@context\":\"https:\/\/schema.org\",\"@graph\":[{\"@type\":\"WebPage\",\"@id\":\"http:\/\/www.eniyisialpi.com\/?page_id=17\",\"url\":\"http:\/\/www.eniyisialpi.com\/?page_id=17\",\"name\":\"REFERANCES - Alpi Tasar\u0131m Mobilya\",\"isPartOf\":{\"@id\":\"http:\/\/www.eniyisialpi.com\/#website\"},\"datePublished\":\"2014-12-21T08:24:41+00:00\",\"dateModified\":\"2025-11-02T13:23:17+00:00\",\"breadcrumb\":{\"@id\":\"http:\/\/www.eniyisialpi.com\/?page_id=17#breadcrumb\"},\"inLanguage\":\"tr\",\"potentialAction\":[{\"@type\":\"ReadAction\",\"target\":[\"http:\/\/www.eniyisialpi.com\/?page_id=17\"]}]},{\"@type\":\"BreadcrumbList\",\"@id\":\"http:\/\/www.eniyisialpi.com\/?page_id=17#breadcrumb\",\"itemListElement\":[{\"@type\":\"ListItem\",\"position\":1,\"name\":\"Anasayfa\",\"item\":\"http:\/\/www.eniyisialpi.com\/\"},{\"@type\":\"ListItem\",\"position\":2,\"name\":\"REFERANCES\"}]},{\"@type\":\"WebSite\",\"@id\":\"http:\/\/www.eniyisialpi.com\/#website\",\"url\":\"http:\/\/www.eniyisialpi.com\/\",\"name\":\"Alpi Tasar\u0131m Mobilya\",\"description\":\"\",\"potentialAction\":[{\"@type\":\"SearchAction\",\"target\":{\"@type\":\"EntryPoint\",\"urlTemplate\":\"http:\/\/www.eniyisialpi.com\/?s={search_term_string}\"},\"query-input\":{\"@type\":\"PropertyValueSpecification\",\"valueRequired\":true,\"valueName\":\"search_term_string\"}}],\"inLanguage\":\"tr\"}]}<\/script>\n<!-- \/ Yoast SEO plugin. -->","yoast_head_json":{"title":"REFERANCES - Alpi Tasar\u0131m Mobilya","robots":{"index":"index","follow":"follow","max-snippet":"max-snippet:-1","max-image-preview":"max-image-preview:large","max-video-preview":"max-video-preview:-1"},"canonical":"http:\/\/www.eniyisialpi.com\/?page_id=17","og_locale":"tr_TR","og_type":"article","og_title":"REFERANCES - Alpi Tasar\u0131m Mobilya","og_url":"http:\/\/www.eniyisialpi.com\/?page_id=17","og_site_name":"Alpi Tasar\u0131m Mobilya","article_modified_time":"2025-11-02T13:23:17+00:00","twitter_card":"summary_large_image","twitter_misc":{"Tahmini okuma s\u00fcresi":"12 dakika"},"schema":{"@context":"https:\/\/schema.org","@graph":[{"@type":"WebPage","@id":"http:\/\/www.eniyisialpi.com\/?page_id=17","url":"http:\/\/www.eniyisialpi.com\/?page_id=17","name":"REFERANCES - Alpi Tasar\u0131m Mobilya","isPartOf":{"@id":"http:\/\/www.eniyisialpi.com\/#website"},"datePublished":"2014-12-21T08:24:41+00:00","dateModified":"2025-11-02T13:23:17+00:00","breadcrumb":{"@id":"http:\/\/www.eniyisialpi.com\/?page_id=17#breadcrumb"},"inLanguage":"tr","potentialAction":[{"@type":"ReadAction","target":["http:\/\/www.eniyisialpi.com\/?page_id=17"]}]},{"@type":"BreadcrumbList","@id":"http:\/\/www.eniyisialpi.com\/?page_id=17#breadcrumb","itemListElement":[{"@type":"ListItem","position":1,"name":"Anasayfa","item":"http:\/\/www.eniyisialpi.com\/"},{"@type":"ListItem","position":2,"name":"REFERANCES"}]},{"@type":"WebSite","@id":"http:\/\/www.eniyisialpi.com\/#website","url":"http:\/\/www.eniyisialpi.com\/","name":"Alpi Tasar\u0131m Mobilya","description":"","potentialAction":[{"@type":"SearchAction","target":{"@type":"EntryPoint","urlTemplate":"http:\/\/www.eniyisialpi.com\/?s={search_term_string}"},"query-input":{"@type":"PropertyValueSpecification","valueRequired":true,"valueName":"search_term_string"}}],"inLanguage":"tr"}]}},"_links":{"self":[{"href":"https:\/\/www.eniyisialpi.com\/index.php?rest_route=\/wp\/v2\/pages\/17","targetHints":{"allow":["GET"]}}],"collection":[{"href":"https:\/\/www.eniyisialpi.com\/index.php?rest_route=\/wp\/v2\/pages"}],"about":[{"href":"https:\/\/www.eniyisialpi.com\/index.php?rest_route=\/wp\/v2\/types\/page"}],"author":[{"embeddable":true,"href":"https:\/\/www.eniyisialpi.com\/index.php?rest_route=\/wp\/v2\/users\/1"}],"replies":[{"embeddable":true,"href":"https:\/\/www.eniyisialpi.com\/index.php?rest_route=%2Fwp%2Fv2%2Fcomments&post=17"}],"version-history":[{"count":52,"href":"https:\/\/www.eniyisialpi.com\/index.php?rest_route=\/wp\/v2\/pages\/17\/revisions"}],"predecessor-version":[{"id":3952,"href":"https:\/\/www.eniyisialpi.com\/index.php?rest_route=\/wp\/v2\/pages\/17\/revisions\/3952"}],"wp:attachment":[{"href":"https:\/\/www.eniyisialpi.com\/index.php?rest_route=%2Fwp%2Fv2%2Fmedia&parent=17"}],"curies":[{"name":"wp","href":"https:\/\/api.w.org\/{rel}","templated":true}]}}